{"id":18,"date":"2017-10-12T14:46:57","date_gmt":"2017-10-12T14:46:57","guid":{"rendered":"http:\/\/www.andre-vallini.com\/?page_id=18"},"modified":"2017-10-12T14:46:57","modified_gmt":"2017-10-12T14:46:57","slug":"om-vallini","status":"publish","type":"page","link":"http:\/\/www.andre-vallini.com\/?page_id=18","title":{"rendered":"Om Vallini"},"content":{"rendered":"<p>Jag heter Andre Vallini och lever f\u00f6r min skoter som jag k\u00f6r s\u00e5 ofta jag kan n\u00e4r tiden finns. Jag bor f\u00f6r tillf\u00e4llet i Sundsvall och dr\u00f6mmer om att en vacker dag kunna leva p\u00e5 min k\u00f6rning och bli skoterstj\u00e4rna, hur f\u00e5nigt detta \u00e4n l\u00e5ter. Jag \u00e4r v\u00e4ldigt driven av mig som m\u00e4nniska och trots att jag endast \u00e4r 18 \u00e5r s\u00e5 har jag planerat framtiden i minsta detalj. Jag vet vad jag vill helt enkelt och kommer att blogga en del om skotrar, skoterk\u00f6rning och mitt vardagliga (tr\u00e5kiga) liv h\u00e4r uppe i Sundsvall.<\/p>\n","protected":false},"excerpt":{"rendered":"<div class=\"entry-summary\">\nJag heter Andre Vallini och lever f\u00f6r min skoter som jag k\u00f6r s\u00e5 ofta jag kan n\u00e4r tiden finns. Jag bor f\u00f6r tillf\u00e4llet i Sundsvall och dr\u00f6mmer om att en vacker dag kunna leva p\u00e5 min k\u00f6rning och bli skoterstj\u00e4rna, hur f\u00e5nigt detta \u00e4n l\u00e5ter. Jag \u00e4r v\u00e4ldigt driven av mig som m\u00e4nniska och trots&hellip;\n<\/div>\n<div class=\"link-more\"><a href=\"http:\/\/www.andre-vallini.com\/?page_id=18\" class=\"more-link\">Continue reading<span class=\"screen-reader-text\"> &ldquo;Om Vallini&rdquo;<\/span>&hellip;<\/a><\/div>\n","protected":false},"author":1,"featured_media":7,"parent":0,"menu_order":0,"comment_status":"closed","ping_status":"closed","template":"","meta":{"footnotes":""},"_links":{"self":[{"href":"http:\/\/www.andre-vallini.com\/index.php?rest_route=\/wp\/v2\/pages\/18"}],"collection":[{"href":"http:\/\/www.andre-vallini.com\/index.php?rest_route=\/wp\/v2\/pages"}],"about":[{"href":"http:\/\/www.andre-vallini.com\/index.php?rest_route=\/wp\/v2\/types\/page"}],"author":[{"embeddable":true,"href":"http:\/\/www.andre-vallini.com\/index.php?rest_route=\/wp\/v2\/users\/1"}],"replies":[{"embeddable":true,"href":"http:\/\/www.andre-vallini.com\/index.php?rest_route=%2Fwp%2Fv2%2Fcomments&post=18"}],"version-history":[{"count":1,"href":"http:\/\/www.andre-vallini.com\/index.php?rest_route=\/wp\/v2\/pages\/18\/revisions"}],"predecessor-version":[{"id":19,"href":"http:\/\/www.andre-vallini.com\/index.php?rest_route=\/wp\/v2\/pages\/18\/revisions\/19"}],"wp:featuredmedia":[{"embeddable":true,"href":"http:\/\/www.andre-vallini.com\/index.php?rest_route=\/wp\/v2\/media\/7"}],"wp:attachment":[{"href":"http:\/\/www.andre-vallini.com\/index.php?rest_route=%2Fwp%2Fv2%2Fmedia&parent=18"}],"curies":[{"name":"wp","href":"https:\/\/api.w.org\/{rel}","templated":true}]}}